{"id":1765,"date":"2016-11-02T15:49:35","date_gmt":"2016-11-02T12:49:35","guid":{"rendered":"https:\/\/drufukaydin.com\/home-page\/"},"modified":"2024-02-26T11:15:34","modified_gmt":"2024-02-26T08:15:34","slug":"home-page","status":"publish","type":"page","link":"https:\/\/drufukaydin.com\/en\/","title":{"rendered":"Home Page"},"content":{"rendered":"<p>[vc_row full_width=&#8221;stretch_row_content_no_spaces&#8221; css=&#8221;.vc_custom_1562456104942{background-position: center !important;background-repeat: no-repeat !important;background-size: cover !important;}&#8221;][vc_column][rev_slider_vc alias=&#8221;home-1-1&#8243;][\/vc_column][\/vc_row][vc_row full_width=&#8221;stretch_row&#8221;][vc_column]<div  id=\"sc_promo_1738218749\" \n\tclass=\"sc_promo sc_promo_phone sc_promo_size_normal sc_promo_image_position_right\"><div class=\"sc_promo_image\" style=\"background-image:url(http:\/\/971);width:55%;right: 0;\">\n                            <div class=\"sc_promo_phone_wrap\">\n                    <div class=\"sc_promo_phone_icon icon-phone-1\">\n                    <\/div>\n                    <div class=\"sc_promo_phone\">\n                                                    <span class=\"text_above_phone\">Call us for an appointment<\/span>\n                                                                            <span class=\"number_phone\">+90 542 224 28 32<\/span>\n                                            <\/div>\n                <\/div>\n                <\/div><div class=\"sc_promo_text trx_addons_stretch_height\" style=\"width: 45%;float: left;\">\n\t\t\t<div class=\"sc_promo_text_inner\" style=\"\"><h6 class=\"sc_item_subtitle sc_promo_subtitle sc_align_default sc_item_title_style_default\">Welcome<\/h6><h3 class=\"sc_item_title sc_promo_title sc_align_default sc_item_title_style_default\">G\u00fczel ve Fark\u0131nda!<\/h3><div class=\"sc_item_descr sc_promo_descr sc_align_default\">In fact, beauty is everywhere. Beauty is sometimes in a person's face and sometimes in the sunset. The important thing is to be able to notice beauty.<\/div><div class=\"sc_item_button sc_item_button_default sc_promo_button sc_align_default sc_button_wrap\"><a href=\"https:\/\/drufukaydin.com\/en\/clinic\/\"\n\t id=\"sc_button_1765558565\" \n\tclass=\"sc_button sc_button_default sc_button_size_normal sc_button_icon_left\"\n\t\t><span class=\"sc_button_text\"><span class=\"sc_button_title\">click for more<\/span><\/span><!-- \/.sc_button_text --><\/a><!-- \/.sc_button --><\/div><!-- \/.sc_item_button sc_item_button_default sc_promo_button sc_align_default --><\/div>\n\t\t<\/div><!-- \/.sc_promo_text --><\/div><!-- \/.sc_promo -->[\/vc_column][\/vc_row][vc_row full_width=&#8221;stretch_row&#8221; css=&#8221;.vc_custom_1478092599119{border-top-width: 1px !important;padding-top: 6.9rem !important;padding-bottom: 6.9rem !important;background-color: #f7f7f7 !important;border-top-color: #e7e7e7 !important;border-top-style: solid !important;}&#8221; el_class=&#8221;imitation_services&#8221;][vc_column]<div id=\"sc_content_1063376252\"\n\t\tclass=\"sc_content sc_content_default\"><h6 class=\"sc_item_subtitle sc_content_subtitle sc_align_center sc_item_title_style_default\">H\u0130ZMETLER\u0130M\u0130Z<\/h6><h3 class=\"sc_item_title sc_content_title sc_align_center sc_item_title_style_default\">Our Main Expertises<\/h3><div class=\"sc_content_container\"><\/div><\/div><!-- \/.sc_content -->[\/vc_column][vc_column width=&#8221;1\/4&#8243; css=&#8221;.vc_custom_1478092616690{border-right-width: 1px !important;border-right-color: #e7e7e7 !important;border-right-style: solid !important;}&#8221;]<div id=\"sc_icons_956522311\" \n\tclass=\"sc_icons sc_icons_default sc_icons_size_medium sc_align_center\"><div class=\"sc_icons_item\"><\/div><div class=\"sc_icons_button_image sc_item_button_image sc_align_default\"><img decoding=\"async\" src=\"http:\/\/964\" alt=\"\"><\/div><\/div><!-- \/.sc_icons -->[vc_column_text]<\/p>\n<h4 style=\"text-align: center;\">Breast<\/h4>\n<p style=\"text-align: center;\"><a href=\"https:\/\/drufukaydin.com\/en\/breast-enlargement\/\">Breast Enlargement<\/a><br \/>\n<a href=\"https:\/\/drufukaydin.com\/en\/breast-lift\/\">Breast Lift<\/a><br \/>\n<a href=\"https:\/\/drufukaydin.com\/en\/breast-reduction\/\">Breast Reduction<\/a><br \/>\n<a href=\"https:\/\/drufukaydin.com\/en\/breast-asymmetry-repairi\/\">Breast Asymmetry Repair\u0131<\/a><br \/>\n<a href=\"https:\/\/drufukaydin.com\/en\/breast-repair-after-cancer\/\">Breast Repair After Cancer<\/a><br \/>\n<a href=\"https:\/\/drufukaydin.com\/en\/gynecomastia-mens-fearful-dream\/\">Gynecomastia<\/a><br \/>\n<a href=\"https:\/\/drufukaydin.com\/en\/gynecomastia-mens-fearful-dream\/\">Breast Enlargement in Men<\/a><\/p>\n<p>[\/vc_column_text][\/vc_column][vc_column width=&#8221;1\/4&#8243; css=&#8221;.vc_custom_1478092627092{border-right-width: 1px !important;border-right-color: #e7e7e7 !important;border-right-style: solid !important;}&#8221;]<div id=\"sc_icons_225399652\" \n\tclass=\"sc_icons sc_icons_default sc_icons_size_medium sc_align_center\"><div class=\"sc_icons_item\"><\/div><div class=\"sc_icons_button_image sc_item_button_image sc_align_default\"><img decoding=\"async\" src=\"http:\/\/966\" alt=\"\"><\/div><\/div><!-- \/.sc_icons -->[vc_column_text]<\/p>\n<h4 style=\"text-align: center;\">Face &#8211; Neck &#8211; Around the eyes &#8211; Ear<\/h4>\n<p style=\"text-align: center;\"><a href=\"https:\/\/drufukaydin.com\/en\/face-lift\/\">Face Lift<\/a><br \/>\n<a href=\"https:\/\/drufukaydin.com\/en\/neck-lift\/\">Neck Lift<\/a><br \/>\n<a href=\"https:\/\/drufukaydin.com\/en\/10-frequently-asked-questions-about-eyelid-aesthetics\/\">Eyelid aesthetic<\/a><br \/>\n<a href=\"https:\/\/drufukaydin.com\/en\/preservation-rhinoplasty\/\">Nose Aesthetics &#8211; Rhinoplasty<\/a><br \/>\n<a href=\"https:\/\/drufukaydin.com\/en\/ear-aesthetics-otoplasty\/\">Ear Aesthetics &#8211; Otoplasty<\/a><br \/>\n<a href=\"https:\/\/drufukaydin.com\/en\/hollywood-cheek-in-5-articles-what-is-bichectomy-what-is-not\/\">Hollywood Cheek &#8211; Bichectomy<\/a><br \/>\nEyebrow Lift<br \/>\nFilling<br \/>\n<a href=\"https:\/\/drufukaydin.com\/en\/botox\/\">Botox<\/a><br \/>\nFacial Rejuvenation Applications<\/p>\n<p>[\/vc_column_text][\/vc_column][vc_column width=&#8221;1\/4&#8243; css=&#8221;.vc_custom_1478092637183{border-right-width: 1px !important;border-right-color: #e7e7e7 !important;border-right-style: solid !important;}&#8221;]<div id=\"sc_icons_1451375200\" \n\tclass=\"sc_icons sc_icons_default sc_icons_size_medium sc_align_center\"><div class=\"sc_icons_item\"><\/div><div class=\"sc_icons_button_image sc_item_button_image sc_align_default\"><img decoding=\"async\" src=\"http:\/\/967\" alt=\"\"><\/div><\/div><!-- \/.sc_icons -->[vc_column_text]<\/p>\n<h4 style=\"text-align: center;\">Body<\/h4>\n<p style=\"text-align: center;\"><a href=\"https:\/\/drufukaydin.com\/en\/body-shaping\/\">Body Shaping<\/a><br \/>\n<a href=\"https:\/\/drufukaydin.com\/en\/fat-removal-liposuction\/\">Fat Removal (Liposuction)<\/a><br \/>\n<a href=\"https:\/\/drufukaydin.com\/en\/fat-transfer-fat-injection-fat-filling\/\">Fat Transfers (Lipofilling)<\/a><br \/>\n<a href=\"https:\/\/drufukaydin.com\/en\/tummy-tuck-abdominoplasty\/\">Tummy Tuck (Abdominoplasty)<\/a><br \/>\n<a href=\"https:\/\/drufukaydin.com\/en\/mini-tummy-tuck-mini-abdominoplasty\/\">Mini Abdominoplasty (Mini-abdominoplasty)i)<\/a><br \/>\n<a href=\"https:\/\/drufukaydin.com\/en\/arm-lift-thigh-lift\/\">Arm-Thigh Lift<\/a><br \/>\n<a href=\"https:\/\/drufukaydin.com\/en\/?p=1780\">Genital Area Aesthetics<\/a><br \/>\n<a href=\"https:\/\/drufukaydin.com\/en\/body-recovery-after-weight-loss\/\">Body Recovery After Weight Loss<\/a><\/p>\n<p>[\/vc_column_text][\/vc_column][vc_column width=&#8221;1\/4&#8243;]<div id=\"sc_icons_15850008\" \n\tclass=\"sc_icons sc_icons_default sc_icons_size_medium sc_align_center\"><div class=\"sc_icons_item\"><\/div><div class=\"sc_icons_button_image sc_item_button_image sc_align_default\"><img decoding=\"async\" src=\"http:\/\/968\" alt=\"\"><\/div><\/div><!-- \/.sc_icons -->[vc_column_text]<\/p>\n<h4 style=\"text-align: center;\">Non-surgical<\/h4>\n<p style=\"text-align: center;\">Spot Treatment<br \/>\nWrinkle Treatment<br \/>\nFilling<br \/>\n<a href=\"https:\/\/drufukaydin.com\/en\/botox\/\">Botox<\/a><br \/>\nSkin Tightening<br \/>\nSkin Rejuvenation<\/p>\n<p>[\/vc_column_text][\/vc_column][vc_column]<div class=\"sc_item_button sc_button_wrap sc_align_center\"><a href=\"\/uzmanliklar\/\"\n\t id=\"sc_button_804866501\" \n\tclass=\"sc_button sc_button_default  vc_custom_1563378314468 sc_button_size_normal sc_button_icon_left\"\n\t\t><span class=\"sc_button_text\"><span class=\"sc_button_title\">All Our Expertise<\/span><\/span><!-- \/.sc_button_text --><\/a><!-- \/.sc_button --><\/div><!-- \/.sc_item_button -->[\/vc_column][\/vc_row][vc_row css=&#8221;.vc_custom_1477567244318{padding-top: 6.9rem !important;padding-bottom: 6.9rem !important;}&#8221;][vc_column]<div id=\"sc_content_1455288872\"\n\t\tclass=\"sc_content sc_content_default sc_align_center\"><h6 class=\"sc_item_subtitle sc_content_subtitle sc_align_center sc_item_title_style_default\">TEDAV\u0130LER\u0130M\u0130Z<\/h6><h3 class=\"sc_item_title sc_content_title sc_align_center sc_item_title_style_default\">CHANGE<\/h3><div class=\"sc_content_container\"><div class=\"cq-beforeafter \" data-autoslide=\"0\" data-iconcolor=\"\" data-handlestyle=\"lightgray\" data-handlecolor=\"\" data-captioncolor=\"\" data-captionbg=\"\" data-captionminwidth=\"\"><img decoding=\"async\" class=\"cq-beforeafter-img\" src=\"\" \/><div class=\"cq-beforeafter-resize\"><img decoding=\"async\" class=\"cq-beforeafter-img\" src=\"\" \/><\/div><span class=\"cq-beforeafter-handle lightgray\"><i class=\"icon-code\" title=\"\"><\/i> <\/span><\/div>[vc_column_text]<\/p>\n<h5>TRACES OF TIME<\/h5>\n<p>Sometimes you have to give it time.[\/vc_column_text]<\/div><\/div><!-- \/.sc_content -->[\/vc_column][\/vc_row][vc_row full_width=&#8221;stretch_row&#8221; inverse=&#8221;1&#8243; css=&#8221;.vc_custom_1570524821048{padding-top: 6.9rem !important;padding-bottom: 6.9rem !important;background-image: url(https:\/\/drufukaydin.com\/wp-content\/uploads\/2019\/10\/yorumlar.jpg?id=1365) !important;background-position: center !important;background-repeat: no-repeat !important;background-size: cover !important;}&#8221;][vc_column][\/vc_column][\/vc_row][vc_row full_width=&#8221;stretch_row&#8221; css=&#8221;.vc_custom_1477568383924{border-top-width: 1px !important;padding-top: 6.9rem !important;padding-bottom: 6.9rem !important;background-color: #f7f7f7 !important;border-top-color: #e7e7e7 !important;border-top-style: solid !important;}&#8221;][vc_column][\/vc_column][\/vc_row]<\/p>\n","protected":false},"excerpt":{"rendered":"<p>[vc_row full_width=&#8221;stretch_row_content_no_spaces&#8221; css=&#8221;.vc_custom_1562456104942{background-position: center !important;background-repeat: no-repeat !important;background-size: cover !important;}&#8221;][vc_column][rev_slider_vc alias=&#8221;home-1-1&#8243;][\/vc_column][\/vc_row][vc_row full_width=&#8221;stretch_row&#8221;][vc_column][\/vc_column][\/vc_row][vc_row full_width=&#8221;stretch_row&#8221; css=&#8221;.vc_custom_1478092599119{border-top-width: 1px !important;padding-top: 6.9rem !important;padding-bottom: 6.9rem !important;background-color: #f7f7f7 !important;border-top-color: #e7e7e7 !important;border-top-style: solid !important;}&#8221; el_class=&#8221;imitation_services&#8221;][vc_column][\/vc_column][vc_column width=&#8221;1\/4&#8243; css=&#8221;.vc_custom_1478092616690{border-right-width: 1px !important;border-right-color: #e7e7e7 !important;border-right-style: solid !important;}&#8221;][vc_column_text] Breast Breast Enlargement Breast Lift Breast Reduction Breast Asymmetry Repair\u0131 Breast Repair After Cancer Gynecomastia Breast Enlargement in Men [\/vc_column_text][\/vc_column][vc_column width=&#8221;1\/4&#8243; css=&#8221;.vc_custom_1478092627092{border-right-width: 1px !important;border-right-color: #e7e7e7 !important;border-right-style:&hellip;<\/p>\n","protected":false},"author":1,"featured_media":0,"parent":0,"menu_order":0,"comment_status":"closed","ping_status":"closed","template":"","meta":{"_monsterinsights_skip_tracking":false,"_monsterinsights_sitenote_active":false,"_monsterinsights_sitenote_note":"","_monsterinsights_sitenote_category":0,"footnotes":""},"yoast_head":"<!-- This site is optimized with the Yoast SEO plugin v23.5 - https:\/\/yoast.com\/wordpress\/plugins\/seo\/ -->\n<title>Home Page &#8212; Op. Dr. Ufuk Ayd\u0131n<\/title>\n<meta name=\"description\" content=\"Op. Dr. Click for detailed information about Ufuk Ayd\u0131n, to make an appointment, for consultation and for any questions you may have about his areas of expertise.\" \/>\n<meta name=\"robots\" content=\"index, follow, max-snippet:-1, max-image-preview:large, max-video-preview:-1\" \/>\n<link rel=\"canonical\" href=\"https:\/\/drufukaydin.com\/en\/\" \/>\n<meta property=\"og:locale\" content=\"en_US\" \/>\n<meta property=\"og:type\" content=\"article\" \/>\n<meta property=\"og:title\" content=\"Home Page &#8212; Op. Dr. Ufuk Ayd\u0131n\" \/>\n<meta property=\"og:description\" content=\"Op. Dr. Click for detailed information about Ufuk Ayd\u0131n, to make an appointment, for consultation and for any questions you may have about his areas of expertise.\" \/>\n<meta property=\"og:url\" content=\"https:\/\/drufukaydin.com\/en\/\" \/>\n<meta property=\"og:site_name\" content=\"Op. Dr. Ufuk Ayd\u0131n\" \/>\n<meta property=\"article:modified_time\" content=\"2024-02-26T08:15:34+00:00\" \/>\n<meta name=\"twitter:card\" content=\"summary_large_image\" \/>\n<meta name=\"twitter:label1\" content=\"Est. reading time\" \/>\n\t<meta name=\"twitter:data1\" content=\"3 minutes\" \/>\n<script type=\"application\/ld+json\" class=\"yoast-schema-graph\">{\"@context\":\"https:\/\/schema.org\",\"@graph\":[{\"@type\":\"WebPage\",\"@id\":\"https:\/\/drufukaydin.com\/en\/\",\"url\":\"https:\/\/drufukaydin.com\/en\/\",\"name\":\"Home Page &#8212; Op. Dr. Ufuk Ayd\u0131n\",\"isPartOf\":{\"@id\":\"https:\/\/drufukaydin.com\/#website\"},\"datePublished\":\"2016-11-02T12:49:35+00:00\",\"dateModified\":\"2024-02-26T08:15:34+00:00\",\"description\":\"Op. Dr. Click for detailed information about Ufuk Ayd\u0131n, to make an appointment, for consultation and for any questions you may have about his areas of expertise.\",\"breadcrumb\":{\"@id\":\"https:\/\/drufukaydin.com\/en\/#breadcrumb\"},\"inLanguage\":\"en-US\",\"potentialAction\":[{\"@type\":\"ReadAction\",\"target\":[\"https:\/\/drufukaydin.com\/en\/\"]}]},{\"@type\":\"BreadcrumbList\",\"@id\":\"https:\/\/drufukaydin.com\/en\/#breadcrumb\",\"itemListElement\":[{\"@type\":\"ListItem\",\"position\":1,\"name\":\"Ana sayfa\",\"item\":\"https:\/\/drufukaydin.com\/en\/\"},{\"@type\":\"ListItem\",\"position\":2,\"name\":\"Home Page\"}]},{\"@type\":\"WebSite\",\"@id\":\"https:\/\/drufukaydin.com\/#website\",\"url\":\"https:\/\/drufukaydin.com\/\",\"name\":\"Op. Dr. Ufuk Ayd\u0131n\",\"description\":\"Estetik Plastik ve Rekonstr\u00fcktif Cerrahi Uzman\u0131\",\"publisher\":{\"@id\":\"https:\/\/drufukaydin.com\/#\/schema\/person\/e9a4e39551ec9e291a0240aeebe2661a\"},\"potentialAction\":[{\"@type\":\"SearchAction\",\"target\":{\"@type\":\"EntryPoint\",\"urlTemplate\":\"https:\/\/drufukaydin.com\/?s={search_term_string}\"},\"query-input\":{\"@type\":\"PropertyValueSpecification\",\"valueRequired\":true,\"valueName\":\"search_term_string\"}}],\"inLanguage\":\"en-US\"},{\"@type\":[\"Person\",\"Organization\"],\"@id\":\"https:\/\/drufukaydin.com\/#\/schema\/person\/e9a4e39551ec9e291a0240aeebe2661a\",\"name\":\"Op. Dr. Ufuk Ayd\u0131n\",\"image\":{\"@type\":\"ImageObject\",\"inLanguage\":\"en-US\",\"@id\":\"https:\/\/drufukaydin.com\/#\/schema\/person\/image\/\",\"url\":\"https:\/\/secure.gravatar.com\/avatar\/3d7f4f33b575dfe27fa000a5cc2b8d59?s=96&d=mm&r=g\",\"contentUrl\":\"https:\/\/secure.gravatar.com\/avatar\/3d7f4f33b575dfe27fa000a5cc2b8d59?s=96&d=mm&r=g\",\"caption\":\"Op. Dr. Ufuk Ayd\u0131n\"},\"logo\":{\"@id\":\"https:\/\/drufukaydin.com\/#\/schema\/person\/image\/\"}}]}<\/script>\n<!-- \/ Yoast SEO plugin. -->","yoast_head_json":{"title":"Home Page &#8212; Op. Dr. Ufuk Ayd\u0131n","description":"Op. Dr. Click for detailed information about Ufuk Ayd\u0131n, to make an appointment, for consultation and for any questions you may have about his areas of expertise.","robots":{"index":"index","follow":"follow","max-snippet":"max-snippet:-1","max-image-preview":"max-image-preview:large","max-video-preview":"max-video-preview:-1"},"canonical":"https:\/\/drufukaydin.com\/en\/","og_locale":"en_US","og_type":"article","og_title":"Home Page &#8212; Op. Dr. Ufuk Ayd\u0131n","og_description":"Op. Dr. Click for detailed information about Ufuk Ayd\u0131n, to make an appointment, for consultation and for any questions you may have about his areas of expertise.","og_url":"https:\/\/drufukaydin.com\/en\/","og_site_name":"Op. Dr. Ufuk Ayd\u0131n","article_modified_time":"2024-02-26T08:15:34+00:00","twitter_card":"summary_large_image","twitter_misc":{"Est. reading time":"3 minutes"},"schema":{"@context":"https:\/\/schema.org","@graph":[{"@type":"WebPage","@id":"https:\/\/drufukaydin.com\/en\/","url":"https:\/\/drufukaydin.com\/en\/","name":"Home Page &#8212; Op. Dr. Ufuk Ayd\u0131n","isPartOf":{"@id":"https:\/\/drufukaydin.com\/#website"},"datePublished":"2016-11-02T12:49:35+00:00","dateModified":"2024-02-26T08:15:34+00:00","description":"Op. Dr. Click for detailed information about Ufuk Ayd\u0131n, to make an appointment, for consultation and for any questions you may have about his areas of expertise.","breadcrumb":{"@id":"https:\/\/drufukaydin.com\/en\/#breadcrumb"},"inLanguage":"en-US","potentialAction":[{"@type":"ReadAction","target":["https:\/\/drufukaydin.com\/en\/"]}]},{"@type":"BreadcrumbList","@id":"https:\/\/drufukaydin.com\/en\/#breadcrumb","itemListElement":[{"@type":"ListItem","position":1,"name":"Ana sayfa","item":"https:\/\/drufukaydin.com\/en\/"},{"@type":"ListItem","position":2,"name":"Home Page"}]},{"@type":"WebSite","@id":"https:\/\/drufukaydin.com\/#website","url":"https:\/\/drufukaydin.com\/","name":"Op. Dr. Ufuk Ayd\u0131n","description":"Estetik Plastik ve Rekonstr\u00fcktif Cerrahi Uzman\u0131","publisher":{"@id":"https:\/\/drufukaydin.com\/#\/schema\/person\/e9a4e39551ec9e291a0240aeebe2661a"},"potentialAction":[{"@type":"SearchAction","target":{"@type":"EntryPoint","urlTemplate":"https:\/\/drufukaydin.com\/?s={search_term_string}"},"query-input":{"@type":"PropertyValueSpecification","valueRequired":true,"valueName":"search_term_string"}}],"inLanguage":"en-US"},{"@type":["Person","Organization"],"@id":"https:\/\/drufukaydin.com\/#\/schema\/person\/e9a4e39551ec9e291a0240aeebe2661a","name":"Op. Dr. Ufuk Ayd\u0131n","image":{"@type":"ImageObject","inLanguage":"en-US","@id":"https:\/\/drufukaydin.com\/#\/schema\/person\/image\/","url":"https:\/\/secure.gravatar.com\/avatar\/3d7f4f33b575dfe27fa000a5cc2b8d59?s=96&d=mm&r=g","contentUrl":"https:\/\/secure.gravatar.com\/avatar\/3d7f4f33b575dfe27fa000a5cc2b8d59?s=96&d=mm&r=g","caption":"Op. Dr. Ufuk Ayd\u0131n"},"logo":{"@id":"https:\/\/drufukaydin.com\/#\/schema\/person\/image\/"}}]}},"_links":{"self":[{"href":"https:\/\/drufukaydin.com\/en\/wp-json\/wp\/v2\/pages\/1765"}],"collection":[{"href":"https:\/\/drufukaydin.com\/en\/wp-json\/wp\/v2\/pages"}],"about":[{"href":"https:\/\/drufukaydin.com\/en\/wp-json\/wp\/v2\/types\/page"}],"author":[{"embeddable":true,"href":"https:\/\/drufukaydin.com\/en\/wp-json\/wp\/v2\/users\/1"}],"replies":[{"embeddable":true,"href":"https:\/\/drufukaydin.com\/en\/wp-json\/wp\/v2\/comments?post=1765"}],"version-history":[{"count":1,"href":"https:\/\/drufukaydin.com\/en\/wp-json\/wp\/v2\/pages\/1765\/revisions"}],"predecessor-version":[{"id":1823,"href":"https:\/\/drufukaydin.com\/en\/wp-json\/wp\/v2\/pages\/1765\/revisions\/1823"}],"wp:attachment":[{"href":"https:\/\/drufukaydin.com\/en\/wp-json\/wp\/v2\/media?parent=1765"}],"curies":[{"name":"wp","href":"https:\/\/api.w.org\/{rel}","templated":true}]}}