{"id":1764,"date":"2016-10-20T07:25:31","date_gmt":"2016-10-20T04:25:31","guid":{"rendered":"https:\/\/drufukaydin.com\/specializations\/"},"modified":"2024-02-26T11:03:58","modified_gmt":"2024-02-26T08:03:58","slug":"specializations","status":"publish","type":"page","link":"https:\/\/drufukaydin.com\/en\/specializations\/","title":{"rendered":"Who is a Plastic Surgeon"},"content":{"rendered":"<p>[vc_row gap=&#8221;3&#8243; equal_height=&#8221;yes&#8221; content_placement=&#8221;middle&#8221;][vc_column]<div id=\"sc_title_1844758943\"\n\t\tclass=\"sc_title sc_title_default  vc_custom_1563124950958\"><h6 class=\"sc_item_subtitle sc_title_subtitle sc_align_center sc_item_title_style_default\">Estetik Operasyonlar<\/h6><h3 class=\"sc_item_title sc_title_title sc_align_center sc_item_title_style_default\">SPECIALIZES<\/h3><\/div><!-- \/.sc_title -->[vc_column_text]<\/p>\n<article id=\"post-283\" class=\"post-283 post type-post status-publish format-standard has-post-thumbnail hentry category-mesajlarimiz\">\n<header class=\"entry-header\">\n<h1 class=\"entry-title\">Who is a Plastic Surgeon?<\/h1>\n<div class=\"entry-meta\">According to the laws of our country, only &#8220;PLASTIC SURGEONS&#8221; can use the words &#8220;PLASTIC and AESTHETIC&#8221; in their title and signboard. More precisely, &#8220;Plastic Reconstructive and Aesthetic Surgery Specialists&#8221; can use it. In order to obtain this title, it is necessary to complete an additional six years of very intensive Specialization Training in addition to the six-year Faculty of Medicine education. It is also worth noting that Plastic Surgery scores are very high in the Medical Specialization Exam. So, who are these plastic surgeons and what do they do?<\/div>\n<\/header>\n<div class=\"entry-content\">\n<p>The public generally recognizes plastic surgeons from the aesthetic operations seen in the colorful pages of newspapers or social media posts. Generally, breast, nose, lip and fat removal aesthetics attract the most attention.<\/p>\n<p>However, aesthetic operations are a small but famous part of the &#8220;Plastic Reconstructive and Aesthetic Surgery&#8221; field of study. It is the tip of the iceberg. Plastic surgeons touch and treat almost the entire body. Since plastic surgeons are in close contact with other surgical and non-surgical branches of medicine, their manners, skills and general culture are extremely high. Since they work with many different textures, their manual skills are quite well developed.<\/p>\n<p>Our wish is that it never happens, but for example, when your hand or another limb is injured, or your child is born with problems such as cleft lip and palate or hypospadias, you are burned, you get cancer, or your skin becomes ill enough to require surgery, the person you will go to is a Plastic Reconstructive and Aesthetic Surgery Specialist.<\/p>\n<p>Microsurgery is one of the main branches of plastic surgery. Plastic Surgeons are the architects of the success of &#8220;Face Transplant&#8221;, which has made our country&#8217;s name known all over the world. Severed organs such as hands, feet, and ears could not be sewn back together without microsurgery. Although it may seem like magic, making a lower jaw from a leg bone or a penis from an arm is also a common subject of Plastic Surgery and Microsurgery. Thousands of such examples can be given. However, it should not be forgotten that plastic surgeons are not magicians, but scientists who try to be beneficial to their patients in accordance with scientific rules.<\/p>\n<p>One of the worst injuries that can happen to a person is a burn. The person who deals intimately with an unpleasant condition such as a burn and undertakes its long-term treatment is also a plastic surgeon. The first doctors seen by babies with congenital problems such as cleft lip and palate, attached fingers, missing ears, foreskin, head and facial defects will most likely be a pediatrician and a plastic surgeon. Plastic surgeons also repair fractures of facial bones and disorders of the inside of the mouth and jaw bones. The branch of medicine called &#8220;Orthognathic Surgery&#8221; is the field of plastic surgery and requires intense anatomy knowledge and manual dexterity. Perhaps many of the plastic surgeons asked during their specialty training, \u201cAre we interested in this area too? &#8221; he asked himself.<\/p>\n<p>Aesthetic Surgery is a small part of the field of plastic surgery. In a sense, it is like the strawberry on the cake. It is not possible to perform good plastic surgery without a solid plastic and reconstructive surgery foundation and experience.<\/p>\n<p>In today&#8217;s market conditions, many people, whether physicians or non-physicians, unfairly introduce themselves as &#8220;Aesthetic&#8221; or &#8220;Plastic&#8221; surgeons just to make money and deceive the patients who apply to them. According to the laws of our country, documents such as &#8220;certificate, permit, charter, course participation certificate&#8221; obtained other than diplomas have NO VALIDITY. These are documents that are often used to deceive people. The number of Plastic Surgeons in our country does not exceed 1500, according to the data of the Turkish Plastic Surgery Association. However, wherever you look in our country, you will find a Plastic or Aesthetic surgeon. In a country of eighty million people, while there are so many title thieves and fake Plastic and Aesthetic surgeons, finding a real Plastic surgeon is as valuable as finding a real diamond.<\/p>\n<\/div>\n<\/article>\n<p>[\/vc_column_text][\/vc_column][\/vc_row][vc_row][vc_column]<div class=\"cq-hr cq-hr-rounded\" data-bgcolor=\"#333333\" data-fontcolor=\"#ffffff\" data-shape=\"rounded\" data-borderstyle=\"solid\" data-bordercolor=\"#333\" data-centerbordercolor=\"\" data-leftcolor=\"\" data-centercolor=\"\" data-rightcolor=\"\" data-elementwidth=\"100%\" data-bordersize=\"1px\" data-fontsize=\"1em\" data-titleposition=\"50%\" data-titlewidth=\"\" data-borderradius=\"4px\" data-padding=\"\" data-fontfamily=\"\" data-margin=\"\"><div class=\"cq-hr-icon-container\"><i style=\"\" class=\"cq-hr-symbol icon-up-big\"><\/i><\/div><\/div>[\/vc_column][\/vc_row]<\/p>\n","protected":false},"excerpt":{"rendered":"<p>[vc_row gap=&#8221;3&#8243; equal_height=&#8221;yes&#8221; content_placement=&#8221;middle&#8221;][vc_column][vc_column_text] Who is a Plastic Surgeon? According to the laws of our country, only &#8220;PLASTIC SURGEONS&#8221; can use the words &#8220;PLASTIC and AESTHETIC&#8221; in their title and signboard. More precisely, &#8220;Plastic Reconstructive and Aesthetic Surgery Specialists&#8221; can use it. In order to obtain this title, it is necessary to complete an additional six years of very intensive&hellip;<\/p>\n","protected":false},"author":1,"featured_media":0,"parent":0,"menu_order":0,"comment_status":"closed","ping_status":"closed","template":"","meta":{"_monsterinsights_skip_tracking":false,"_monsterinsights_sitenote_active":false,"_monsterinsights_sitenote_note":"","_monsterinsights_sitenote_category":0,"footnotes":""},"yoast_head":"<!-- This site is optimized with the Yoast SEO plugin v23.5 - https:\/\/yoast.com\/wordpress\/plugins\/seo\/ -->\n<title>Who is a Plastic Surgeon &#8212; Op. Dr. Ufuk Ayd\u0131n<\/title>\n<meta name=\"robots\" content=\"index, follow, max-snippet:-1, max-image-preview:large, max-video-preview:-1\" \/>\n<link rel=\"canonical\" href=\"https:\/\/drufukaydin.com\/en\/specializations\/\" \/>\n<meta property=\"og:locale\" content=\"en_US\" \/>\n<meta property=\"og:type\" content=\"article\" \/>\n<meta property=\"og:title\" content=\"Who is a Plastic Surgeon &#8212; Op. Dr. Ufuk Ayd\u0131n\" \/>\n<meta property=\"og:description\" content=\"[vc_row gap=&#8221;3&#8243; equal_height=&#8221;yes&#8221; content_placement=&#8221;middle&#8221;][vc_column][vc_column_text] Who is a Plastic Surgeon? According to the laws of our country, only &#8220;PLASTIC SURGEONS&#8221; can use the words &#8220;PLASTIC and AESTHETIC&#8221; in their title and signboard. More precisely, &#8220;Plastic Reconstructive and Aesthetic Surgery Specialists&#8221; can use it. In order to obtain this title, it is necessary to complete an additional six years of very intensive&hellip;\" \/>\n<meta property=\"og:url\" content=\"https:\/\/drufukaydin.com\/en\/specializations\/\" \/>\n<meta property=\"og:site_name\" content=\"Op. Dr. Ufuk Ayd\u0131n\" \/>\n<meta property=\"article:modified_time\" content=\"2024-02-26T08:03:58+00:00\" \/>\n<meta name=\"twitter:card\" content=\"summary_large_image\" \/>\n<meta name=\"twitter:label1\" content=\"Est. reading time\" \/>\n\t<meta name=\"twitter:data1\" content=\"4 minutes\" \/>\n<script type=\"application\/ld+json\" class=\"yoast-schema-graph\">{\"@context\":\"https:\/\/schema.org\",\"@graph\":[{\"@type\":\"WebPage\",\"@id\":\"https:\/\/drufukaydin.com\/en\/specializations\/\",\"url\":\"https:\/\/drufukaydin.com\/en\/specializations\/\",\"name\":\"Who is a Plastic Surgeon &#8212; Op. Dr. Ufuk Ayd\u0131n\",\"isPartOf\":{\"@id\":\"https:\/\/drufukaydin.com\/#website\"},\"datePublished\":\"2016-10-20T04:25:31+00:00\",\"dateModified\":\"2024-02-26T08:03:58+00:00\",\"breadcrumb\":{\"@id\":\"https:\/\/drufukaydin.com\/en\/specializations\/#breadcrumb\"},\"inLanguage\":\"en-US\",\"potentialAction\":[{\"@type\":\"ReadAction\",\"target\":[\"https:\/\/drufukaydin.com\/en\/specializations\/\"]}]},{\"@type\":\"BreadcrumbList\",\"@id\":\"https:\/\/drufukaydin.com\/en\/specializations\/#breadcrumb\",\"itemListElement\":[{\"@type\":\"ListItem\",\"position\":1,\"name\":\"Ana sayfa\",\"item\":\"https:\/\/drufukaydin.com\/en\/\"},{\"@type\":\"ListItem\",\"position\":2,\"name\":\"Who is a Plastic Surgeon\"}]},{\"@type\":\"WebSite\",\"@id\":\"https:\/\/drufukaydin.com\/#website\",\"url\":\"https:\/\/drufukaydin.com\/\",\"name\":\"Op. Dr. Ufuk Ayd\u0131n\",\"description\":\"Estetik Plastik ve Rekonstr\u00fcktif Cerrahi Uzman\u0131\",\"publisher\":{\"@id\":\"https:\/\/drufukaydin.com\/#\/schema\/person\/e9a4e39551ec9e291a0240aeebe2661a\"},\"potentialAction\":[{\"@type\":\"SearchAction\",\"target\":{\"@type\":\"EntryPoint\",\"urlTemplate\":\"https:\/\/drufukaydin.com\/?s={search_term_string}\"},\"query-input\":{\"@type\":\"PropertyValueSpecification\",\"valueRequired\":true,\"valueName\":\"search_term_string\"}}],\"inLanguage\":\"en-US\"},{\"@type\":[\"Person\",\"Organization\"],\"@id\":\"https:\/\/drufukaydin.com\/#\/schema\/person\/e9a4e39551ec9e291a0240aeebe2661a\",\"name\":\"Op. Dr. Ufuk Ayd\u0131n\",\"image\":{\"@type\":\"ImageObject\",\"inLanguage\":\"en-US\",\"@id\":\"https:\/\/drufukaydin.com\/#\/schema\/person\/image\/\",\"url\":\"https:\/\/secure.gravatar.com\/avatar\/3d7f4f33b575dfe27fa000a5cc2b8d59?s=96&d=mm&r=g\",\"contentUrl\":\"https:\/\/secure.gravatar.com\/avatar\/3d7f4f33b575dfe27fa000a5cc2b8d59?s=96&d=mm&r=g\",\"caption\":\"Op. Dr. Ufuk Ayd\u0131n\"},\"logo\":{\"@id\":\"https:\/\/drufukaydin.com\/#\/schema\/person\/image\/\"}}]}<\/script>\n<!-- \/ Yoast SEO plugin. -->","yoast_head_json":{"title":"Who is a Plastic Surgeon &#8212; Op. Dr. Ufuk Ayd\u0131n","robots":{"index":"index","follow":"follow","max-snippet":"max-snippet:-1","max-image-preview":"max-image-preview:large","max-video-preview":"max-video-preview:-1"},"canonical":"https:\/\/drufukaydin.com\/en\/specializations\/","og_locale":"en_US","og_type":"article","og_title":"Who is a Plastic Surgeon &#8212; Op. Dr. Ufuk Ayd\u0131n","og_description":"[vc_row gap=&#8221;3&#8243; equal_height=&#8221;yes&#8221; content_placement=&#8221;middle&#8221;][vc_column][vc_column_text] Who is a Plastic Surgeon? According to the laws of our country, only &#8220;PLASTIC SURGEONS&#8221; can use the words &#8220;PLASTIC and AESTHETIC&#8221; in their title and signboard. More precisely, &#8220;Plastic Reconstructive and Aesthetic Surgery Specialists&#8221; can use it. In order to obtain this title, it is necessary to complete an additional six years of very intensive&hellip;","og_url":"https:\/\/drufukaydin.com\/en\/specializations\/","og_site_name":"Op. Dr. Ufuk Ayd\u0131n","article_modified_time":"2024-02-26T08:03:58+00:00","twitter_card":"summary_large_image","twitter_misc":{"Est. reading time":"4 minutes"},"schema":{"@context":"https:\/\/schema.org","@graph":[{"@type":"WebPage","@id":"https:\/\/drufukaydin.com\/en\/specializations\/","url":"https:\/\/drufukaydin.com\/en\/specializations\/","name":"Who is a Plastic Surgeon &#8212; Op. Dr. Ufuk Ayd\u0131n","isPartOf":{"@id":"https:\/\/drufukaydin.com\/#website"},"datePublished":"2016-10-20T04:25:31+00:00","dateModified":"2024-02-26T08:03:58+00:00","breadcrumb":{"@id":"https:\/\/drufukaydin.com\/en\/specializations\/#breadcrumb"},"inLanguage":"en-US","potentialAction":[{"@type":"ReadAction","target":["https:\/\/drufukaydin.com\/en\/specializations\/"]}]},{"@type":"BreadcrumbList","@id":"https:\/\/drufukaydin.com\/en\/specializations\/#breadcrumb","itemListElement":[{"@type":"ListItem","position":1,"name":"Ana sayfa","item":"https:\/\/drufukaydin.com\/en\/"},{"@type":"ListItem","position":2,"name":"Who is a Plastic Surgeon"}]},{"@type":"WebSite","@id":"https:\/\/drufukaydin.com\/#website","url":"https:\/\/drufukaydin.com\/","name":"Op. Dr. Ufuk Ayd\u0131n","description":"Estetik Plastik ve Rekonstr\u00fcktif Cerrahi Uzman\u0131","publisher":{"@id":"https:\/\/drufukaydin.com\/#\/schema\/person\/e9a4e39551ec9e291a0240aeebe2661a"},"potentialAction":[{"@type":"SearchAction","target":{"@type":"EntryPoint","urlTemplate":"https:\/\/drufukaydin.com\/?s={search_term_string}"},"query-input":{"@type":"PropertyValueSpecification","valueRequired":true,"valueName":"search_term_string"}}],"inLanguage":"en-US"},{"@type":["Person","Organization"],"@id":"https:\/\/drufukaydin.com\/#\/schema\/person\/e9a4e39551ec9e291a0240aeebe2661a","name":"Op. Dr. Ufuk Ayd\u0131n","image":{"@type":"ImageObject","inLanguage":"en-US","@id":"https:\/\/drufukaydin.com\/#\/schema\/person\/image\/","url":"https:\/\/secure.gravatar.com\/avatar\/3d7f4f33b575dfe27fa000a5cc2b8d59?s=96&d=mm&r=g","contentUrl":"https:\/\/secure.gravatar.com\/avatar\/3d7f4f33b575dfe27fa000a5cc2b8d59?s=96&d=mm&r=g","caption":"Op. Dr. Ufuk Ayd\u0131n"},"logo":{"@id":"https:\/\/drufukaydin.com\/#\/schema\/person\/image\/"}}]}},"_links":{"self":[{"href":"https:\/\/drufukaydin.com\/en\/wp-json\/wp\/v2\/pages\/1764"}],"collection":[{"href":"https:\/\/drufukaydin.com\/en\/wp-json\/wp\/v2\/pages"}],"about":[{"href":"https:\/\/drufukaydin.com\/en\/wp-json\/wp\/v2\/types\/page"}],"author":[{"embeddable":true,"href":"https:\/\/drufukaydin.com\/en\/wp-json\/wp\/v2\/users\/1"}],"replies":[{"embeddable":true,"href":"https:\/\/drufukaydin.com\/en\/wp-json\/wp\/v2\/comments?post=1764"}],"version-history":[{"count":1,"href":"https:\/\/drufukaydin.com\/en\/wp-json\/wp\/v2\/pages\/1764\/revisions"}],"predecessor-version":[{"id":1820,"href":"https:\/\/drufukaydin.com\/en\/wp-json\/wp\/v2\/pages\/1764\/revisions\/1820"}],"wp:attachment":[{"href":"https:\/\/drufukaydin.com\/en\/wp-json\/wp\/v2\/media?parent=1764"}],"curies":[{"name":"wp","href":"https:\/\/api.w.org\/{rel}","templated":true}]}}