{"id":1762,"date":"2016-10-20T09:01:30","date_gmt":"2016-10-20T06:01:30","guid":{"rendered":"https:\/\/drufukaydin.com\/clinic\/"},"modified":"2024-03-26T15:23:38","modified_gmt":"2024-03-26T12:23:38","slug":"clinic","status":"publish","type":"page","link":"https:\/\/drufukaydin.com\/en\/clinic\/","title":{"rendered":"Doctor&#8217;s Office"},"content":{"rendered":"<p>[vc_row equal_height=&#8221;yes&#8221; content_placement=&#8221;middle&#8221;][vc_column]<div id=\"sc_title_1235585738\"\n\t\tclass=\"sc_title sc_title_default  vc_custom_1563113870314\"><h6 class=\"sc_item_subtitle sc_title_subtitle sc_align_left sc_item_title_style_default\">Op.Dr.Ufuk Ayd\u0131n<\/h6><h3 class=\"sc_item_title sc_title_title sc_align_left sc_item_title_style_default\">Dr UFUK AYDIN'S OFFICE<\/h3><\/div><!-- \/.sc_title -->[vc_column_text css=&#8221;.vc_custom_1569416650522{padding-bottom: 20px !important;}&#8221;]During medical education and specialization period, it is necessary to work not only in practical but also in scientific and theoretical fields. That&#8217;s why every doctor is also a scientist.<\/p>\n<p>Op Dr. Ufuk Ayd\u0131n had the opportunity to make many scientific publications in national and international journals. He participated in various congresses and meetings with oral and written presentations, and worked as a chapter translator in books on various branches of science. He feels obliged to follow meetings, congresses and seminars as a requirement of the continuous development and progress in medicine.<\/p>\n<p>Op Dr. Ufuk Ayd\u0131n currently shares his professional experience, which he has gained over many years in various government and private institutions, with his clients and patients in his own office.[\/vc_column_text][vc_gallery type=&#8221;image_grid&#8221; images=&#8221;1443,1445,1447,1441,1440,1444,1442,1486,1446,1487&#8243; img_size=&#8221;220X220&#8243;][\/vc_column][\/vc_row][vc_row][vc_column]<div class=\"cq-hr cq-hr-rounded\" data-bgcolor=\"#333333\" data-fontcolor=\"#ffffff\" data-shape=\"rounded\" data-borderstyle=\"solid\" data-bordercolor=\"#333\" data-centerbordercolor=\"\" data-leftcolor=\"\" data-centercolor=\"\" data-rightcolor=\"\" data-elementwidth=\"100%\" data-bordersize=\"1px\" data-fontsize=\"1em\" data-titleposition=\"50%\" data-titlewidth=\"\" data-borderradius=\"4px\" data-padding=\"\" data-fontfamily=\"\" data-margin=\"\"><div class=\"cq-hr-icon-container\"><i style=\"\" class=\"cq-hr-symbol fa fa-angle-up\"><\/i><\/div><\/div>[\/vc_column][\/vc_row]<\/p>\n","protected":false},"excerpt":{"rendered":"<p>[vc_row equal_height=&#8221;yes&#8221; content_placement=&#8221;middle&#8221;][vc_column][vc_column_text css=&#8221;.vc_custom_1569416650522{padding-bottom: 20px !important;}&#8221;]During medical education and specialization period, it is necessary to work not only in practical but also in scientific and theoretical fields. That&#8217;s why every doctor is also a scientist. Op Dr. Ufuk Ayd\u0131n had the opportunity to make many scientific publications in national and international journals. He participated in various congresses and meetings with&hellip;<\/p>\n","protected":false},"author":1,"featured_media":0,"parent":0,"menu_order":0,"comment_status":"closed","ping_status":"closed","template":"","meta":{"_monsterinsights_skip_tracking":false,"_monsterinsights_sitenote_active":false,"_monsterinsights_sitenote_note":"","_monsterinsights_sitenote_category":0,"footnotes":""},"yoast_head":"<!-- This site is optimized with the Yoast SEO plugin v23.5 - https:\/\/yoast.com\/wordpress\/plugins\/seo\/ -->\n<title>Doctor&#039;s Office &#8212; Op. Dr. Ufuk Ayd\u0131n<\/title>\n<meta name=\"robots\" content=\"index, follow, max-snippet:-1, max-image-preview:large, max-video-preview:-1\" \/>\n<link rel=\"canonical\" href=\"https:\/\/drufukaydin.com\/en\/clinic\/\" \/>\n<meta property=\"og:locale\" content=\"en_US\" \/>\n<meta property=\"og:type\" content=\"article\" \/>\n<meta property=\"og:title\" content=\"Doctor&#039;s Office &#8212; Op. Dr. Ufuk Ayd\u0131n\" \/>\n<meta property=\"og:description\" content=\"[vc_row equal_height=&#8221;yes&#8221; content_placement=&#8221;middle&#8221;][vc_column][vc_column_text css=&#8221;.vc_custom_1569416650522{padding-bottom: 20px !important;}&#8221;]During medical education and specialization period, it is necessary to work not only in practical but also in scientific and theoretical fields. That&#8217;s why every doctor is also a scientist. Op Dr. Ufuk Ayd\u0131n had the opportunity to make many scientific publications in national and international journals. He participated in various congresses and meetings with&hellip;\" \/>\n<meta property=\"og:url\" content=\"https:\/\/drufukaydin.com\/en\/clinic\/\" \/>\n<meta property=\"og:site_name\" content=\"Op. Dr. Ufuk Ayd\u0131n\" \/>\n<meta property=\"article:modified_time\" content=\"2024-03-26T12:23:38+00:00\" \/>\n<meta name=\"twitter:card\" content=\"summary_large_image\" \/>\n<meta name=\"twitter:label1\" content=\"Est. reading time\" \/>\n\t<meta name=\"twitter:data1\" content=\"1 minute\" \/>\n<script type=\"application\/ld+json\" class=\"yoast-schema-graph\">{\"@context\":\"https:\/\/schema.org\",\"@graph\":[{\"@type\":\"WebPage\",\"@id\":\"https:\/\/drufukaydin.com\/en\/clinic\/\",\"url\":\"https:\/\/drufukaydin.com\/en\/clinic\/\",\"name\":\"Doctor's Office &#8212; Op. Dr. Ufuk Ayd\u0131n\",\"isPartOf\":{\"@id\":\"https:\/\/drufukaydin.com\/#website\"},\"datePublished\":\"2016-10-20T06:01:30+00:00\",\"dateModified\":\"2024-03-26T12:23:38+00:00\",\"breadcrumb\":{\"@id\":\"https:\/\/drufukaydin.com\/en\/clinic\/#breadcrumb\"},\"inLanguage\":\"en-US\",\"potentialAction\":[{\"@type\":\"ReadAction\",\"target\":[\"https:\/\/drufukaydin.com\/en\/clinic\/\"]}]},{\"@type\":\"BreadcrumbList\",\"@id\":\"https:\/\/drufukaydin.com\/en\/clinic\/#breadcrumb\",\"itemListElement\":[{\"@type\":\"ListItem\",\"position\":1,\"name\":\"Ana sayfa\",\"item\":\"https:\/\/drufukaydin.com\/en\/\"},{\"@type\":\"ListItem\",\"position\":2,\"name\":\"Doctor&#8217;s Office\"}]},{\"@type\":\"WebSite\",\"@id\":\"https:\/\/drufukaydin.com\/#website\",\"url\":\"https:\/\/drufukaydin.com\/\",\"name\":\"Op. Dr. Ufuk Ayd\u0131n\",\"description\":\"Estetik Plastik ve Rekonstr\u00fcktif Cerrahi Uzman\u0131\",\"publisher\":{\"@id\":\"https:\/\/drufukaydin.com\/#\/schema\/person\/e9a4e39551ec9e291a0240aeebe2661a\"},\"potentialAction\":[{\"@type\":\"SearchAction\",\"target\":{\"@type\":\"EntryPoint\",\"urlTemplate\":\"https:\/\/drufukaydin.com\/?s={search_term_string}\"},\"query-input\":{\"@type\":\"PropertyValueSpecification\",\"valueRequired\":true,\"valueName\":\"search_term_string\"}}],\"inLanguage\":\"en-US\"},{\"@type\":[\"Person\",\"Organization\"],\"@id\":\"https:\/\/drufukaydin.com\/#\/schema\/person\/e9a4e39551ec9e291a0240aeebe2661a\",\"name\":\"Op. Dr. Ufuk Ayd\u0131n\",\"image\":{\"@type\":\"ImageObject\",\"inLanguage\":\"en-US\",\"@id\":\"https:\/\/drufukaydin.com\/#\/schema\/person\/image\/\",\"url\":\"https:\/\/secure.gravatar.com\/avatar\/3d7f4f33b575dfe27fa000a5cc2b8d59?s=96&d=mm&r=g\",\"contentUrl\":\"https:\/\/secure.gravatar.com\/avatar\/3d7f4f33b575dfe27fa000a5cc2b8d59?s=96&d=mm&r=g\",\"caption\":\"Op. Dr. Ufuk Ayd\u0131n\"},\"logo\":{\"@id\":\"https:\/\/drufukaydin.com\/#\/schema\/person\/image\/\"}}]}<\/script>\n<!-- \/ Yoast SEO plugin. -->","yoast_head_json":{"title":"Doctor's Office &#8212; Op. Dr. Ufuk Ayd\u0131n","robots":{"index":"index","follow":"follow","max-snippet":"max-snippet:-1","max-image-preview":"max-image-preview:large","max-video-preview":"max-video-preview:-1"},"canonical":"https:\/\/drufukaydin.com\/en\/clinic\/","og_locale":"en_US","og_type":"article","og_title":"Doctor's Office &#8212; Op. Dr. Ufuk Ayd\u0131n","og_description":"[vc_row equal_height=&#8221;yes&#8221; content_placement=&#8221;middle&#8221;][vc_column][vc_column_text css=&#8221;.vc_custom_1569416650522{padding-bottom: 20px !important;}&#8221;]During medical education and specialization period, it is necessary to work not only in practical but also in scientific and theoretical fields. That&#8217;s why every doctor is also a scientist. Op Dr. Ufuk Ayd\u0131n had the opportunity to make many scientific publications in national and international journals. He participated in various congresses and meetings with&hellip;","og_url":"https:\/\/drufukaydin.com\/en\/clinic\/","og_site_name":"Op. Dr. Ufuk Ayd\u0131n","article_modified_time":"2024-03-26T12:23:38+00:00","twitter_card":"summary_large_image","twitter_misc":{"Est. reading time":"1 minute"},"schema":{"@context":"https:\/\/schema.org","@graph":[{"@type":"WebPage","@id":"https:\/\/drufukaydin.com\/en\/clinic\/","url":"https:\/\/drufukaydin.com\/en\/clinic\/","name":"Doctor's Office &#8212; Op. Dr. Ufuk Ayd\u0131n","isPartOf":{"@id":"https:\/\/drufukaydin.com\/#website"},"datePublished":"2016-10-20T06:01:30+00:00","dateModified":"2024-03-26T12:23:38+00:00","breadcrumb":{"@id":"https:\/\/drufukaydin.com\/en\/clinic\/#breadcrumb"},"inLanguage":"en-US","potentialAction":[{"@type":"ReadAction","target":["https:\/\/drufukaydin.com\/en\/clinic\/"]}]},{"@type":"BreadcrumbList","@id":"https:\/\/drufukaydin.com\/en\/clinic\/#breadcrumb","itemListElement":[{"@type":"ListItem","position":1,"name":"Ana sayfa","item":"https:\/\/drufukaydin.com\/en\/"},{"@type":"ListItem","position":2,"name":"Doctor&#8217;s Office"}]},{"@type":"WebSite","@id":"https:\/\/drufukaydin.com\/#website","url":"https:\/\/drufukaydin.com\/","name":"Op. Dr. Ufuk Ayd\u0131n","description":"Estetik Plastik ve Rekonstr\u00fcktif Cerrahi Uzman\u0131","publisher":{"@id":"https:\/\/drufukaydin.com\/#\/schema\/person\/e9a4e39551ec9e291a0240aeebe2661a"},"potentialAction":[{"@type":"SearchAction","target":{"@type":"EntryPoint","urlTemplate":"https:\/\/drufukaydin.com\/?s={search_term_string}"},"query-input":{"@type":"PropertyValueSpecification","valueRequired":true,"valueName":"search_term_string"}}],"inLanguage":"en-US"},{"@type":["Person","Organization"],"@id":"https:\/\/drufukaydin.com\/#\/schema\/person\/e9a4e39551ec9e291a0240aeebe2661a","name":"Op. Dr. Ufuk Ayd\u0131n","image":{"@type":"ImageObject","inLanguage":"en-US","@id":"https:\/\/drufukaydin.com\/#\/schema\/person\/image\/","url":"https:\/\/secure.gravatar.com\/avatar\/3d7f4f33b575dfe27fa000a5cc2b8d59?s=96&d=mm&r=g","contentUrl":"https:\/\/secure.gravatar.com\/avatar\/3d7f4f33b575dfe27fa000a5cc2b8d59?s=96&d=mm&r=g","caption":"Op. Dr. Ufuk Ayd\u0131n"},"logo":{"@id":"https:\/\/drufukaydin.com\/#\/schema\/person\/image\/"}}]}},"_links":{"self":[{"href":"https:\/\/drufukaydin.com\/en\/wp-json\/wp\/v2\/pages\/1762"}],"collection":[{"href":"https:\/\/drufukaydin.com\/en\/wp-json\/wp\/v2\/pages"}],"about":[{"href":"https:\/\/drufukaydin.com\/en\/wp-json\/wp\/v2\/types\/page"}],"author":[{"embeddable":true,"href":"https:\/\/drufukaydin.com\/en\/wp-json\/wp\/v2\/users\/1"}],"replies":[{"embeddable":true,"href":"https:\/\/drufukaydin.com\/en\/wp-json\/wp\/v2\/comments?post=1762"}],"version-history":[{"count":1,"href":"https:\/\/drufukaydin.com\/en\/wp-json\/wp\/v2\/pages\/1762\/revisions"}],"predecessor-version":[{"id":1847,"href":"https:\/\/drufukaydin.com\/en\/wp-json\/wp\/v2\/pages\/1762\/revisions\/1847"}],"wp:attachment":[{"href":"https:\/\/drufukaydin.com\/en\/wp-json\/wp\/v2\/media?parent=1762"}],"curies":[{"name":"wp","href":"https:\/\/api.w.org\/{rel}","templated":true}]}}