{"id":1760,"date":"2016-10-20T08:09:51","date_gmt":"2016-10-20T05:09:51","guid":{"rendered":"https:\/\/drufukaydin.com\/op-who-is-dr-ufuk-aydin\/"},"modified":"2024-02-15T21:49:59","modified_gmt":"2024-02-15T18:49:59","slug":"op-who-is-dr-ufuk-aydin","status":"publish","type":"page","link":"https:\/\/drufukaydin.com\/en\/op-who-is-dr-ufuk-aydin\/","title":{"rendered":"Op. Who is Dr. Ufuk Aydin?"},"content":{"rendered":"<p>[vc_row full_width=&#8221;stretch_row_content_no_spaces&#8221; equal_height=&#8221;yes&#8221; content_placement=&#8221;middle&#8221; css=&#8221;.vc_custom_1570524372398{margin-top: 0px !important;background-image: url(https:\/\/drufukaydin.com\/wp-content\/uploads\/2019\/10\/drufukaydin.jpg?id=1437) !important;}&#8221;][vc_column][vc_empty_space height=&#8221;300px&#8221; alter_height=&#8221;none&#8221; hide_on_mobile=&#8221;&#8221;][\/vc_column][\/vc_row][vc_row css=&#8221;.vc_custom_1562454150613{padding-top: 30px !important;}&#8221;][vc_column width=&#8221;2\/3&#8243; css=&#8221;.vc_custom_1562454179749{margin-top: 20px !important;margin-bottom: 20px !important;}&#8221;]<div id=\"sc_title_1617635476\"\n\t\tclass=\"sc_title sc_title_default\"><h6 class=\"sc_item_subtitle sc_title_subtitle sc_align_left sc_item_title_style_default\">Estetik Cerrahi Uzman\u0131<\/h6><h3 class=\"sc_item_title sc_title_title sc_align_left sc_item_title_style_default\">Who is Dr. Ufuk Aydin?<\/h3><\/div><!-- \/.sc_title -->[vc_column_text css=&#8221;.vc_custom_1572932661553{padding-top: 30px !important;padding-bottom: 20px !important;}&#8221;]Who is Dr. Ufuk Aydin?<\/p>\n<p>I started my education at K\u0131r\u015fehir Kaman <strong>Yenihayat Primary School<\/strong>, primary school at <strong>Istanbul Fikirtepe Hasan \u015eado\u011flu Primary School<\/strong>, and completed my secondary education at Istanbul <strong>Kartal Burak Bora Primary School.<\/strong> <span class=\"text_exposed_show\">After completing <strong>Anatolian High School<\/strong>, I started <strong>medical education<\/strong> and training at <strong>Bursa Uluda\u011f University Faculty of Medicine<\/strong>. I am grateful to my teachers who strived for our education throughout my primary, secondary and high school years. I believe that meeting good teachers is a very important chance for a child and that I am one of the lucky children. I got an extremely good grade in the <strong>Medical Specialization Exam<\/strong> that I took after medical school. This result gave me great freedom in my choices. Since I love <strong>Bursa<\/strong> and love this city, I chose <strong>Uluda\u011f University Faculty of Medicine, Department of Plastic Reconstructive and Aesthetic Surgery and Department<\/strong> of <strong>Hand Surgery<\/strong> for my specialty training. During this period, I worked for a long time not only in <strong>Plastic and Aesthetic Surgery<\/strong>, but also in <strong>Hand Surgery<\/strong> and Burns. I would like to thank my teachers for their efforts during their very busy work schedule.<\/span><\/p>\n<p>During the compulsory service period, I worked as a <strong>specialist doctor<\/strong> at <strong>Edirne State Hospital<\/strong> and was elected <strong>Doctor of the Year<\/strong> in <strong>Edirne<\/strong> in <strong>2012<\/strong>. This is perhaps one of the proudest moments for a doctor.<\/p>\n<p>After my compulsory service, I returned to <strong>Bursa<\/strong>. Currently, in my own practice, I provide careful service to my patients in a field such as <strong>Aesthetic Surgery<\/strong>, which requires knowledge, experience and care.<\/p>\n<p>During medical education and specialization period, it is necessary to work not only in practical but also in scientific and theoretical fields. That&#8217;s why every doctor is also a scientist. During and after my time at the faculty, I had the opportunity to publish many publications in national and international journals. I participated in various congresses and meetings with oral and written statements. I worked as a chapter translator in books belonging to various branches of science. I feel obliged to follow meetings, congresses and seminars as a requirement of the continuous development and progress in medicine.<\/p>\n<p>In <strong>2010<\/strong>, I participated in the exam held by the <strong>Turkish Plastic Reconstructive and Aesthetic Surgery Association<\/strong> and was entitled to receive the &#8220;<strong>Certificate of Competence<\/strong> (Board Certificate)&#8221;.<\/p>\n<p>I speak advanced <strong>English<\/strong>, intermediate <strong>French<\/strong> and basic <strong>Japanese<\/strong>. I am married and the father of two children.<\/p>\n<p>I am interested in performing arts, Far Eastern war disciplines, music and literature.[\/vc_column_text]<div class=\"cq-hr cq-hr-rounded\" data-bgcolor=\"#1e73be\" data-fontcolor=\"#ffffff\" data-shape=\"rounded\" data-borderstyle=\"dashed\" data-bordercolor=\"#1e73be\" data-centerbordercolor=\"\" data-leftcolor=\"\" data-centercolor=\"\" data-rightcolor=\"\" data-elementwidth=\"80%\" data-bordersize=\"1px\" data-fontsize=\"1em\" data-titleposition=\"50%\" data-titlewidth=\"\" data-borderradius=\"4px\" data-padding=\"\" data-fontfamily=\"\" data-margin=\"\"><div class=\"cq-hr-icon-container\"><i style=\"\" class=\"cq-hr-symbol\">Associations and Organizations I am a Member of<\/i><\/div><\/div>[vc_row_inner][vc_column_inner width=&#8221;1\/3&#8243;][vc_single_image image=&#8221;1449&#8243; img_size=&#8221;&#8221; alignment=&#8221;center&#8221; style=&#8221;vc_box_shadow_3d&#8221;][vc_column_text]<\/p>\n<p style=\"text-align: center;\">Bursa Medical Chamber<\/p>\n<p>[\/vc_column_text][\/vc_column_inner][vc_column_inner width=&#8221;1\/3&#8243;][vc_single_image image=&#8221;1450&#8243; img_size=&#8221;&#8221; alignment=&#8221;center&#8221; style=&#8221;vc_box_shadow_3d&#8221;][vc_column_text]<\/p>\n<p style=\"text-align: center;\">Turkish Plastic Reconstructive and Aesthetic Surgery Association<\/p>\n<p>[\/vc_column_text][\/vc_column_inner][vc_column_inner width=&#8221;1\/3&#8243;][vc_single_image image=&#8221;1451&#8243; img_size=&#8221;&#8221; alignment=&#8221;center&#8221; style=&#8221;vc_box_shadow_3d&#8221;][vc_column_text]<\/p>\n<p style=\"text-align: center;\">Uluyama Turkish Japanese Friendship Association<\/p>\n<p>[\/vc_column_text][\/vc_column_inner][vc_column_inner][vc_empty_space hide_on_mobile=&#8221;&#8221;][\/vc_column_inner][\/vc_row_inner][vc_row_inner][vc_column_inner width=&#8221;1\/3&#8243;][vc_single_image image=&#8221;1452&#8243; img_size=&#8221;&#8221; alignment=&#8221;center&#8221; style=&#8221;vc_box_shadow_3d&#8221;][vc_column_text]<\/p>\n<p style=\"text-align: center;\">1326 Ottoman K\u0131l\u0131\u00e7 Kalkan Youth and Sports Club<\/p>\n<p>[\/vc_column_text][\/vc_column_inner][vc_column_inner width=&#8221;1\/3&#8243;][vc_single_image image=&#8221;1454&#8243; img_size=&#8221;&#8221; alignment=&#8221;center&#8221; style=&#8221;vc_box_shadow_3d&#8221;][vc_column_text]<\/p>\n<p style=\"text-align: center;\">Edirne Physically Disabled Association<\/p>\n<p>[\/vc_column_text][\/vc_column_inner][vc_column_inner width=&#8221;1\/3&#8243;][vc_single_image image=&#8221;1453&#8243; img_size=&#8221;&#8221; alignment=&#8221;center&#8221; style=&#8221;vc_box_shadow_3d&#8221;][vc_column_text]<\/p>\n<p style=\"text-align: center;\">Musical Tailor Art Group<\/p>\n<p>[\/vc_column_text][\/vc_column_inner][\/vc_row_inner][\/vc_column][vc_column width=&#8221;1\/3&#8243; css=&#8221;.vc_custom_1562454990352{margin-top: 40px !important;}&#8221;][vc_gallery type=&#8221;image_grid&#8221; images=&#8221;1441,1440,1443,1442,1447,1444,1446,1445&#8243;][\/vc_column][\/vc_row]<\/p>\n","protected":false},"excerpt":{"rendered":"<p>[vc_row full_width=&#8221;stretch_row_content_no_spaces&#8221; equal_height=&#8221;yes&#8221; content_placement=&#8221;middle&#8221; css=&#8221;.vc_custom_1570524372398{margin-top: 0px !important;background-image: url(https:\/\/drufukaydin.com\/wp-content\/uploads\/2019\/10\/drufukaydin.jpg?id=1437) !important;}&#8221;][vc_column][vc_empty_space height=&#8221;300px&#8221; alter_height=&#8221;none&#8221; hide_on_mobile=&#8221;&#8221;][\/vc_column][\/vc_row][vc_row css=&#8221;.vc_custom_1562454150613{padding-top: 30px !important;}&#8221;][vc_column width=&#8221;2\/3&#8243; css=&#8221;.vc_custom_1562454179749{margin-top: 20px !important;margin-bottom: 20px !important;}&#8221;][vc_column_text css=&#8221;.vc_custom_1572932661553{padding-top: 30px !important;padding-bottom: 20px !important;}&#8221;]Who is Dr. Ufuk Aydin? I started my education at K\u0131r\u015fehir Kaman Yenihayat Primary School, primary school at Istanbul Fikirtepe Hasan \u015eado\u011flu Primary School, and completed my secondary education at Istanbul Kartal Burak Bora Primary&hellip;<\/p>\n","protected":false},"author":1,"featured_media":0,"parent":0,"menu_order":0,"comment_status":"closed","ping_status":"closed","template":"","meta":{"_monsterinsights_skip_tracking":false,"_monsterinsights_sitenote_active":false,"_monsterinsights_sitenote_note":"","_monsterinsights_sitenote_category":0,"footnotes":""},"yoast_head":"<!-- This site is optimized with the Yoast SEO plugin v23.5 - https:\/\/yoast.com\/wordpress\/plugins\/seo\/ -->\n<title>Op. Who is Dr. Ufuk Aydin? &#8212; Op. Dr. Ufuk Ayd\u0131n<\/title>\n<meta name=\"description\" content=\"Click to get detailed information about Aesthetic Plastic and Reconstructive Surgery Specialist Op Dr Ufuk Ayd\u0131n&#039;s clinic and specialties.\" \/>\n<meta name=\"robots\" content=\"index, follow, max-snippet:-1, max-image-preview:large, max-video-preview:-1\" \/>\n<link rel=\"canonical\" href=\"https:\/\/drufukaydin.com\/en\/op-who-is-dr-ufuk-aydin\/\" \/>\n<meta property=\"og:locale\" content=\"en_US\" \/>\n<meta property=\"og:type\" content=\"article\" \/>\n<meta property=\"og:title\" content=\"Op. Who is Dr. Ufuk Aydin? &#8212; Op. Dr. Ufuk Ayd\u0131n\" \/>\n<meta property=\"og:description\" content=\"Click to get detailed information about Aesthetic Plastic and Reconstructive Surgery Specialist Op Dr Ufuk Ayd\u0131n&#039;s clinic and specialties.\" \/>\n<meta property=\"og:url\" content=\"https:\/\/drufukaydin.com\/en\/op-who-is-dr-ufuk-aydin\/\" \/>\n<meta property=\"og:site_name\" content=\"Op. Dr. Ufuk Ayd\u0131n\" \/>\n<meta property=\"article:modified_time\" content=\"2024-02-15T18:49:59+00:00\" \/>\n<meta name=\"twitter:card\" content=\"summary_large_image\" \/>\n<meta name=\"twitter:label1\" content=\"Est. reading time\" \/>\n\t<meta name=\"twitter:data1\" content=\"4 minutes\" \/>\n<script type=\"application\/ld+json\" class=\"yoast-schema-graph\">{\"@context\":\"https:\/\/schema.org\",\"@graph\":[{\"@type\":\"WebPage\",\"@id\":\"https:\/\/drufukaydin.com\/en\/op-who-is-dr-ufuk-aydin\/\",\"url\":\"https:\/\/drufukaydin.com\/en\/op-who-is-dr-ufuk-aydin\/\",\"name\":\"Op. Who is Dr. Ufuk Aydin? &#8212; Op. Dr. Ufuk Ayd\u0131n\",\"isPartOf\":{\"@id\":\"https:\/\/drufukaydin.com\/#website\"},\"datePublished\":\"2016-10-20T05:09:51+00:00\",\"dateModified\":\"2024-02-15T18:49:59+00:00\",\"description\":\"Click to get detailed information about Aesthetic Plastic and Reconstructive Surgery Specialist Op Dr Ufuk Ayd\u0131n's clinic and specialties.\",\"breadcrumb\":{\"@id\":\"https:\/\/drufukaydin.com\/en\/op-who-is-dr-ufuk-aydin\/#breadcrumb\"},\"inLanguage\":\"en-US\",\"potentialAction\":[{\"@type\":\"ReadAction\",\"target\":[\"https:\/\/drufukaydin.com\/en\/op-who-is-dr-ufuk-aydin\/\"]}]},{\"@type\":\"BreadcrumbList\",\"@id\":\"https:\/\/drufukaydin.com\/en\/op-who-is-dr-ufuk-aydin\/#breadcrumb\",\"itemListElement\":[{\"@type\":\"ListItem\",\"position\":1,\"name\":\"Ana sayfa\",\"item\":\"https:\/\/drufukaydin.com\/en\/\"},{\"@type\":\"ListItem\",\"position\":2,\"name\":\"Op. Who is Dr. Ufuk Aydin?\"}]},{\"@type\":\"WebSite\",\"@id\":\"https:\/\/drufukaydin.com\/#website\",\"url\":\"https:\/\/drufukaydin.com\/\",\"name\":\"Op. Dr. Ufuk Ayd\u0131n\",\"description\":\"Estetik Plastik ve Rekonstr\u00fcktif Cerrahi Uzman\u0131\",\"publisher\":{\"@id\":\"https:\/\/drufukaydin.com\/#\/schema\/person\/e9a4e39551ec9e291a0240aeebe2661a\"},\"potentialAction\":[{\"@type\":\"SearchAction\",\"target\":{\"@type\":\"EntryPoint\",\"urlTemplate\":\"https:\/\/drufukaydin.com\/?s={search_term_string}\"},\"query-input\":{\"@type\":\"PropertyValueSpecification\",\"valueRequired\":true,\"valueName\":\"search_term_string\"}}],\"inLanguage\":\"en-US\"},{\"@type\":[\"Person\",\"Organization\"],\"@id\":\"https:\/\/drufukaydin.com\/#\/schema\/person\/e9a4e39551ec9e291a0240aeebe2661a\",\"name\":\"Op. Dr. Ufuk Ayd\u0131n\",\"image\":{\"@type\":\"ImageObject\",\"inLanguage\":\"en-US\",\"@id\":\"https:\/\/drufukaydin.com\/#\/schema\/person\/image\/\",\"url\":\"https:\/\/secure.gravatar.com\/avatar\/3d7f4f33b575dfe27fa000a5cc2b8d59?s=96&d=mm&r=g\",\"contentUrl\":\"https:\/\/secure.gravatar.com\/avatar\/3d7f4f33b575dfe27fa000a5cc2b8d59?s=96&d=mm&r=g\",\"caption\":\"Op. Dr. Ufuk Ayd\u0131n\"},\"logo\":{\"@id\":\"https:\/\/drufukaydin.com\/#\/schema\/person\/image\/\"}}]}<\/script>\n<!-- \/ Yoast SEO plugin. -->","yoast_head_json":{"title":"Op. Who is Dr. Ufuk Aydin? &#8212; Op. Dr. Ufuk Ayd\u0131n","description":"Click to get detailed information about Aesthetic Plastic and Reconstructive Surgery Specialist Op Dr Ufuk Ayd\u0131n's clinic and specialties.","robots":{"index":"index","follow":"follow","max-snippet":"max-snippet:-1","max-image-preview":"max-image-preview:large","max-video-preview":"max-video-preview:-1"},"canonical":"https:\/\/drufukaydin.com\/en\/op-who-is-dr-ufuk-aydin\/","og_locale":"en_US","og_type":"article","og_title":"Op. Who is Dr. Ufuk Aydin? &#8212; Op. Dr. Ufuk Ayd\u0131n","og_description":"Click to get detailed information about Aesthetic Plastic and Reconstructive Surgery Specialist Op Dr Ufuk Ayd\u0131n's clinic and specialties.","og_url":"https:\/\/drufukaydin.com\/en\/op-who-is-dr-ufuk-aydin\/","og_site_name":"Op. Dr. Ufuk Ayd\u0131n","article_modified_time":"2024-02-15T18:49:59+00:00","twitter_card":"summary_large_image","twitter_misc":{"Est. reading time":"4 minutes"},"schema":{"@context":"https:\/\/schema.org","@graph":[{"@type":"WebPage","@id":"https:\/\/drufukaydin.com\/en\/op-who-is-dr-ufuk-aydin\/","url":"https:\/\/drufukaydin.com\/en\/op-who-is-dr-ufuk-aydin\/","name":"Op. Who is Dr. Ufuk Aydin? &#8212; Op. Dr. Ufuk Ayd\u0131n","isPartOf":{"@id":"https:\/\/drufukaydin.com\/#website"},"datePublished":"2016-10-20T05:09:51+00:00","dateModified":"2024-02-15T18:49:59+00:00","description":"Click to get detailed information about Aesthetic Plastic and Reconstructive Surgery Specialist Op Dr Ufuk Ayd\u0131n's clinic and specialties.","breadcrumb":{"@id":"https:\/\/drufukaydin.com\/en\/op-who-is-dr-ufuk-aydin\/#breadcrumb"},"inLanguage":"en-US","potentialAction":[{"@type":"ReadAction","target":["https:\/\/drufukaydin.com\/en\/op-who-is-dr-ufuk-aydin\/"]}]},{"@type":"BreadcrumbList","@id":"https:\/\/drufukaydin.com\/en\/op-who-is-dr-ufuk-aydin\/#breadcrumb","itemListElement":[{"@type":"ListItem","position":1,"name":"Ana sayfa","item":"https:\/\/drufukaydin.com\/en\/"},{"@type":"ListItem","position":2,"name":"Op. Who is Dr. Ufuk Aydin?"}]},{"@type":"WebSite","@id":"https:\/\/drufukaydin.com\/#website","url":"https:\/\/drufukaydin.com\/","name":"Op. Dr. Ufuk Ayd\u0131n","description":"Estetik Plastik ve Rekonstr\u00fcktif Cerrahi Uzman\u0131","publisher":{"@id":"https:\/\/drufukaydin.com\/#\/schema\/person\/e9a4e39551ec9e291a0240aeebe2661a"},"potentialAction":[{"@type":"SearchAction","target":{"@type":"EntryPoint","urlTemplate":"https:\/\/drufukaydin.com\/?s={search_term_string}"},"query-input":{"@type":"PropertyValueSpecification","valueRequired":true,"valueName":"search_term_string"}}],"inLanguage":"en-US"},{"@type":["Person","Organization"],"@id":"https:\/\/drufukaydin.com\/#\/schema\/person\/e9a4e39551ec9e291a0240aeebe2661a","name":"Op. Dr. Ufuk Ayd\u0131n","image":{"@type":"ImageObject","inLanguage":"en-US","@id":"https:\/\/drufukaydin.com\/#\/schema\/person\/image\/","url":"https:\/\/secure.gravatar.com\/avatar\/3d7f4f33b575dfe27fa000a5cc2b8d59?s=96&d=mm&r=g","contentUrl":"https:\/\/secure.gravatar.com\/avatar\/3d7f4f33b575dfe27fa000a5cc2b8d59?s=96&d=mm&r=g","caption":"Op. Dr. Ufuk Ayd\u0131n"},"logo":{"@id":"https:\/\/drufukaydin.com\/#\/schema\/person\/image\/"}}]}},"_links":{"self":[{"href":"https:\/\/drufukaydin.com\/en\/wp-json\/wp\/v2\/pages\/1760"}],"collection":[{"href":"https:\/\/drufukaydin.com\/en\/wp-json\/wp\/v2\/pages"}],"about":[{"href":"https:\/\/drufukaydin.com\/en\/wp-json\/wp\/v2\/types\/page"}],"author":[{"embeddable":true,"href":"https:\/\/drufukaydin.com\/en\/wp-json\/wp\/v2\/users\/1"}],"replies":[{"embeddable":true,"href":"https:\/\/drufukaydin.com\/en\/wp-json\/wp\/v2\/comments?post=1760"}],"version-history":[{"count":1,"href":"https:\/\/drufukaydin.com\/en\/wp-json\/wp\/v2\/pages\/1760\/revisions"}],"predecessor-version":[{"id":1761,"href":"https:\/\/drufukaydin.com\/en\/wp-json\/wp\/v2\/pages\/1760\/revisions\/1761"}],"wp:attachment":[{"href":"https:\/\/drufukaydin.com\/en\/wp-json\/wp\/v2\/media?parent=1760"}],"curies":[{"name":"wp","href":"https:\/\/api.w.org\/{rel}","templated":true}]}}